{"id":3758,"date":"2022-09-19T13:46:57","date_gmt":"2022-09-19T13:46:57","guid":{"rendered":"https:\/\/ibhnl.templ8.nl\/ueber-uns\/"},"modified":"2022-10-21T13:57:24","modified_gmt":"2022-10-21T13:57:24","slug":"ueber-uns","status":"publish","type":"page","link":"https:\/\/ibhnl.com\/de\/ueber-uns\/","title":{"rendered":"\u00dcber uns"},"content":{"rendered":"\t\t<div data-elementor-type=\"wp-page\" data-elementor-id=\"3758\" class=\"elementor elementor-3758 elementor-2612\" data-elementor-post-type=\"page\">\n\t\t\t\t\t\t<section class=\"elementor-section elementor-top-section elementor-element elementor-element-5c66b531 elementor-section-boxed elementor-section-height-default elementor-section-height-default\" data-id=\"5c66b531\" data-element_type=\"section\" data-e-type=\"section\">\n\t\t\t\t\t\t<div class=\"elementor-container elementor-column-gap-default\">\n\t\t\t\t\t<div class=\"elementor-column elementor-col-100 elementor-top-column elementor-element elementor-element-1c9d99a9\" data-id=\"1c9d99a9\" data-element_type=\"column\" data-e-type=\"column\">\n\t\t\t<div class=\"elementor-widget-wrap elementor-element-populated\">\n\t\t\t\t\t\t<div class=\"elementor-element elementor-element-6a495f8c elementor-widget elementor-widget-text-editor\" data-id=\"6a495f8c\" data-element_type=\"widget\" data-e-type=\"widget\" data-widget_type=\"text-editor.default\">\n\t\t\t\t<div class=\"elementor-widget-container\">\n\t\t\t\t\t\t\t\t\t<p>Das Team von Instore Building Holland hat sich darauf spezialisiert, Sie bei Ihren Bau- und\/oder Umbauarbeiten f\u00fcr Ihr Interieur zu entlasten. Der Schwerpunkt liegt auf dem Entwurf, der Herstellung und der Einrichtung von Innenr\u00e4umen f\u00fcr Gartencenter und Blumenl\u00e4den. Wir bieten auch L\u00f6sungen f\u00fcr In-Store-Supermarkt-Konzepte, Zoohandlungen und so weiter. Mit unserer umfangreichen Erfahrung auf dem internationalen Markt k\u00f6nnen wir Sie auch bei der Routenplanung\/Ausstattung hervorragend beraten. Instore Building Holland ist in ganz Europa t\u00e4tig.<\/p>\n<p>Die M\u00f6bel werden von IBH selbst entworfen und in ihren R\u00e4umlichkeiten in Drachten hergestellt.<\/p>\n<p>Wir liefern auch Unirack-Regale \/ Tego-kompatible Regale \/ Einkaufswagen \/ Theken \/ Beschilderung \/ Stimmungsbanner \/ Wegweiser usw.<\/p>\n<p>Unser Ansatz ist Atmosph\u00e4re und Erfahrung! Wir sorgen daf\u00fcr, dass sich Ihr Kunde wohl und inspiriert f\u00fchlt. Der Schwerpunkt liegt dabei auf einer optimierten Streckenf\u00fchrung\/Einrichtung und einem h\u00f6heren Umsatz pro Quadratmeter. Dazu verwenden wir digitale Zeichensysteme und 3-D-Konstruktionen.<\/p>\n<p>Sie k\u00f6nnen sich an uns wenden, wenn Sie einen zus\u00e4tzlichen Tisch oder ein Gesamtkonzept ben\u00f6tigen.<\/p>\n<p>IBH steht f\u00fcr kurze Wege in der Kommunikation. Ihre W\u00fcnsche stehen f\u00fcr uns im Mittelpunkt.<\/p>\n<h3>Partner<\/h3>\n<p>Um Sie noch besser bedienen zu k\u00f6nnen, haben sich Cor van der Meulen (Instore Building Holland), Peter van der Meulen (Dutch Retail Concept) und Rob Torn (Garden Retail Management Support) zusammengeschlossen.<\/p>\n<p>Diese Zusammenarbeit erm\u00f6glicht es uns, eine breite Palette von Dienstleistungen in den Bereichen Unternehmensberatung und Innenarchitektur anzubieten.<\/p>\n\t\t\t\t\t\t\t\t<\/div>\n\t\t\t\t<\/div>\n\t\t\t\t<section class=\"elementor-section elementor-inner-section elementor-element elementor-element-5b5d373 elementor-section-boxed elementor-section-height-default elementor-section-height-default\" data-id=\"5b5d373\" data-element_type=\"section\" data-e-type=\"section\">\n\t\t\t\t\t\t<div class=\"elementor-container elementor-column-gap-default\">\n\t\t\t\t\t<div class=\"elementor-column elementor-col-50 elementor-inner-column elementor-element elementor-element-d8a2f77\" data-id=\"d8a2f77\" data-element_type=\"column\" data-e-type=\"column\">\n\t\t\t<div class=\"elementor-widget-wrap elementor-element-populated\">\n\t\t\t\t\t\t<div class=\"elementor-element elementor-element-bfbf05e elementor-widget elementor-widget-image\" data-id=\"bfbf05e\" data-element_type=\"widget\" data-e-type=\"widget\" data-widget_type=\"image.default\">\n\t\t\t\t<div class=\"elementor-widget-container\">\n\t\t\t\t\t\t\t\t\t\t\t\t\t\t\t<img fetchpriority=\"high\" decoding=\"async\" width=\"727\" height=\"384\" src=\"https:\/\/ibhnl.com\/wp-content\/uploads\/2022\/09\/Logo_DutchRetailConcept_FC.png\" class=\"attachment-large size-large wp-image-3227\" alt=\"\" srcset=\"https:\/\/ibhnl.com\/wp-content\/uploads\/2022\/09\/Logo_DutchRetailConcept_FC.png 727w, https:\/\/ibhnl.com\/wp-content\/uploads\/2022\/09\/Logo_DutchRetailConcept_FC-300x158.png 300w\" sizes=\"(max-width: 727px) 100vw, 727px\" \/>\t\t\t\t\t\t\t\t\t\t\t\t\t\t\t<\/div>\n\t\t\t\t<\/div>\n\t\t\t\t\t<\/div>\n\t\t<\/div>\n\t\t\t\t<div class=\"elementor-column elementor-col-50 elementor-inner-column elementor-element elementor-element-50e7ab9\" data-id=\"50e7ab9\" data-element_type=\"column\" data-e-type=\"column\">\n\t\t\t<div class=\"elementor-widget-wrap elementor-element-populated\">\n\t\t\t\t\t\t<div class=\"elementor-element elementor-element-c91002b elementor-widget elementor-widget-image\" data-id=\"c91002b\" data-element_type=\"widget\" data-e-type=\"widget\" data-widget_type=\"image.default\">\n\t\t\t\t<div class=\"elementor-widget-container\">\n\t\t\t\t\t\t\t\t\t\t\t\t\t\t\t<img decoding=\"async\" width=\"452\" height=\"404\" src=\"https:\/\/ibhnl.com\/wp-content\/uploads\/2022\/09\/RT_LOGO-GRMS-FB.png\" class=\"attachment-large size-large wp-image-3229\" alt=\"\" srcset=\"https:\/\/ibhnl.com\/wp-content\/uploads\/2022\/09\/RT_LOGO-GRMS-FB.png 452w, https:\/\/ibhnl.com\/wp-content\/uploads\/2022\/09\/RT_LOGO-GRMS-FB-300x268.png 300w\" sizes=\"(max-width: 452px) 100vw, 452px\" \/>\t\t\t\t\t\t\t\t\t\t\t\t\t\t\t<\/div>\n\t\t\t\t<\/div>\n\t\t\t\t\t<\/div>\n\t\t<\/div>\n\t\t\t\t\t<\/div>\n\t\t<\/section>\n\t\t\t\t\t<\/div>\n\t\t<\/div>\n\t\t\t\t\t<\/div>\n\t\t<\/section>\n\t\t\t\t<\/div>\n\t\t","protected":false},"excerpt":{"rendered":"<p>Das Team von Instore Building Holland hat sich darauf spezialisiert, Sie bei Ihren Bau- und\/oder Umbauarbeiten f\u00fcr Ihr Interieur zu entlasten. Der Schwerpunkt liegt auf dem Entwurf, der Herstellung und der Einrichtung von Innenr\u00e4umen f\u00fcr Gartencenter und Blumenl\u00e4den. Wir bieten auch L\u00f6sungen f\u00fcr In-Store-Supermarkt-Konzepte, Zoohandlungen und so weiter. Mit unserer umfangreichen Erfahrung auf dem internationalen [&hellip;]<\/p>\n","protected":false},"author":1,"featured_media":2572,"parent":0,"menu_order":0,"comment_status":"closed","ping_status":"closed","template":"","meta":{"footnotes":""},"class_list":["post-3758","page","type-page","status-publish","has-post-thumbnail","hentry"],"yoast_head":"<!-- This site is optimized with the Yoast SEO plugin v27.3 - https:\/\/yoast.com\/product\/yoast-seo-wordpress\/ -->\n<title>\u00dcber uns - Instore Building Holland<\/title>\n<meta name=\"robots\" content=\"index, follow, max-snippet:-1, max-image-preview:large, max-video-preview:-1\" \/>\n<link rel=\"canonical\" href=\"https:\/\/ibhnl.com\/de\/ueber-uns\/\" \/>\n<meta property=\"og:locale\" content=\"de_DE\" \/>\n<meta property=\"og:type\" content=\"article\" \/>\n<meta property=\"og:title\" content=\"\u00dcber uns - Instore Building Holland\" \/>\n<meta property=\"og:description\" content=\"Das Team von Instore Building Holland hat sich darauf spezialisiert, Sie bei Ihren Bau- und\/oder Umbauarbeiten f\u00fcr Ihr Interieur zu entlasten. Der Schwerpunkt liegt auf dem Entwurf, der Herstellung und der Einrichtung von Innenr\u00e4umen f\u00fcr Gartencenter und Blumenl\u00e4den. Wir bieten auch L\u00f6sungen f\u00fcr In-Store-Supermarkt-Konzepte, Zoohandlungen und so weiter. Mit unserer umfangreichen Erfahrung auf dem internationalen [&hellip;]\" \/>\n<meta property=\"og:url\" content=\"https:\/\/ibhnl.com\/de\/ueber-uns\/\" \/>\n<meta property=\"og:site_name\" content=\"Instore Building Holland\" \/>\n<meta property=\"article:modified_time\" content=\"2022-10-21T13:57:24+00:00\" \/>\n<meta property=\"og:image\" content=\"https:\/\/ibhnl.com\/wp-content\/uploads\/2022\/09\/31356862_1494293100682601_31591026355339264_n.jpg\" \/>\n\t<meta property=\"og:image:width\" content=\"1600\" \/>\n\t<meta property=\"og:image:height\" content=\"1200\" \/>\n\t<meta property=\"og:image:type\" content=\"image\/jpeg\" \/>\n<meta name=\"twitter:card\" content=\"summary_large_image\" \/>\n<meta name=\"twitter:label1\" content=\"Gesch\u00e4tzte Lesezeit\" \/>\n\t<meta name=\"twitter:data1\" content=\"1\u00a0Minute\" \/>\n<script type=\"application\/ld+json\" class=\"yoast-schema-graph\">{\"@context\":\"https:\\\/\\\/schema.org\",\"@graph\":[{\"@type\":\"WebPage\",\"@id\":\"https:\\\/\\\/ibhnl.com\\\/de\\\/ueber-uns\\\/\",\"url\":\"https:\\\/\\\/ibhnl.com\\\/de\\\/ueber-uns\\\/\",\"name\":\"\u00dcber uns - Instore Building Holland\",\"isPartOf\":{\"@id\":\"https:\\\/\\\/ibhnl.com\\\/de\\\/#website\"},\"primaryImageOfPage\":{\"@id\":\"https:\\\/\\\/ibhnl.com\\\/de\\\/ueber-uns\\\/#primaryimage\"},\"image\":{\"@id\":\"https:\\\/\\\/ibhnl.com\\\/de\\\/ueber-uns\\\/#primaryimage\"},\"thumbnailUrl\":\"https:\\\/\\\/ibhnl.com\\\/wp-content\\\/uploads\\\/2022\\\/09\\\/31356862_1494293100682601_31591026355339264_n.jpg\",\"datePublished\":\"2022-09-19T13:46:57+00:00\",\"dateModified\":\"2022-10-21T13:57:24+00:00\",\"breadcrumb\":{\"@id\":\"https:\\\/\\\/ibhnl.com\\\/de\\\/ueber-uns\\\/#breadcrumb\"},\"inLanguage\":\"de\",\"potentialAction\":[{\"@type\":\"ReadAction\",\"target\":[\"https:\\\/\\\/ibhnl.com\\\/de\\\/ueber-uns\\\/\"]}]},{\"@type\":\"ImageObject\",\"inLanguage\":\"de\",\"@id\":\"https:\\\/\\\/ibhnl.com\\\/de\\\/ueber-uns\\\/#primaryimage\",\"url\":\"https:\\\/\\\/ibhnl.com\\\/wp-content\\\/uploads\\\/2022\\\/09\\\/31356862_1494293100682601_31591026355339264_n.jpg\",\"contentUrl\":\"https:\\\/\\\/ibhnl.com\\\/wp-content\\\/uploads\\\/2022\\\/09\\\/31356862_1494293100682601_31591026355339264_n.jpg\",\"width\":1600,\"height\":1200},{\"@type\":\"BreadcrumbList\",\"@id\":\"https:\\\/\\\/ibhnl.com\\\/de\\\/ueber-uns\\\/#breadcrumb\",\"itemListElement\":[{\"@type\":\"ListItem\",\"position\":1,\"name\":\"Home\",\"item\":\"https:\\\/\\\/ibhnl.com\\\/de\\\/home\\\/\"},{\"@type\":\"ListItem\",\"position\":2,\"name\":\"\u00dcber uns\"}]},{\"@type\":\"WebSite\",\"@id\":\"https:\\\/\\\/ibhnl.com\\\/de\\\/#website\",\"url\":\"https:\\\/\\\/ibhnl.com\\\/de\\\/\",\"name\":\"Instore Building Holland\",\"description\":\"Specialist in ontwerp, routing, productie en installatie van interieur\",\"publisher\":{\"@id\":\"https:\\\/\\\/ibhnl.com\\\/de\\\/#organization\"},\"potentialAction\":[{\"@type\":\"SearchAction\",\"target\":{\"@type\":\"EntryPoint\",\"urlTemplate\":\"https:\\\/\\\/ibhnl.com\\\/de\\\/?s={search_term_string}\"},\"query-input\":{\"@type\":\"PropertyValueSpecification\",\"valueRequired\":true,\"valueName\":\"search_term_string\"}}],\"inLanguage\":\"de\"},{\"@type\":\"Organization\",\"@id\":\"https:\\\/\\\/ibhnl.com\\\/de\\\/#organization\",\"name\":\"Instore Building Holland\",\"url\":\"https:\\\/\\\/ibhnl.com\\\/de\\\/\",\"logo\":{\"@type\":\"ImageObject\",\"inLanguage\":\"de\",\"@id\":\"https:\\\/\\\/ibhnl.com\\\/de\\\/#\\\/schema\\\/logo\\\/image\\\/\",\"url\":\"https:\\\/\\\/ibhnl.com\\\/wp-content\\\/uploads\\\/2020\\\/10\\\/Instore-Building-Holland-1.svg\",\"contentUrl\":\"https:\\\/\\\/ibhnl.com\\\/wp-content\\\/uploads\\\/2020\\\/10\\\/Instore-Building-Holland-1.svg\",\"width\":262,\"height\":187,\"caption\":\"Instore Building Holland\"},\"image\":{\"@id\":\"https:\\\/\\\/ibhnl.com\\\/de\\\/#\\\/schema\\\/logo\\\/image\\\/\"}}]}<\/script>\n<!-- \/ Yoast SEO plugin. -->","yoast_head_json":{"title":"\u00dcber uns - Instore Building Holland","robots":{"index":"index","follow":"follow","max-snippet":"max-snippet:-1","max-image-preview":"max-image-preview:large","max-video-preview":"max-video-preview:-1"},"canonical":"https:\/\/ibhnl.com\/de\/ueber-uns\/","og_locale":"de_DE","og_type":"article","og_title":"\u00dcber uns - Instore Building Holland","og_description":"Das Team von Instore Building Holland hat sich darauf spezialisiert, Sie bei Ihren Bau- und\/oder Umbauarbeiten f\u00fcr Ihr Interieur zu entlasten. Der Schwerpunkt liegt auf dem Entwurf, der Herstellung und der Einrichtung von Innenr\u00e4umen f\u00fcr Gartencenter und Blumenl\u00e4den. Wir bieten auch L\u00f6sungen f\u00fcr In-Store-Supermarkt-Konzepte, Zoohandlungen und so weiter. Mit unserer umfangreichen Erfahrung auf dem internationalen [&hellip;]","og_url":"https:\/\/ibhnl.com\/de\/ueber-uns\/","og_site_name":"Instore Building Holland","article_modified_time":"2022-10-21T13:57:24+00:00","og_image":[{"width":1600,"height":1200,"url":"https:\/\/ibhnl.com\/wp-content\/uploads\/2022\/09\/31356862_1494293100682601_31591026355339264_n.jpg","type":"image\/jpeg"}],"twitter_card":"summary_large_image","twitter_misc":{"Gesch\u00e4tzte Lesezeit":"1\u00a0Minute"},"schema":{"@context":"https:\/\/schema.org","@graph":[{"@type":"WebPage","@id":"https:\/\/ibhnl.com\/de\/ueber-uns\/","url":"https:\/\/ibhnl.com\/de\/ueber-uns\/","name":"\u00dcber uns - Instore Building Holland","isPartOf":{"@id":"https:\/\/ibhnl.com\/de\/#website"},"primaryImageOfPage":{"@id":"https:\/\/ibhnl.com\/de\/ueber-uns\/#primaryimage"},"image":{"@id":"https:\/\/ibhnl.com\/de\/ueber-uns\/#primaryimage"},"thumbnailUrl":"https:\/\/ibhnl.com\/wp-content\/uploads\/2022\/09\/31356862_1494293100682601_31591026355339264_n.jpg","datePublished":"2022-09-19T13:46:57+00:00","dateModified":"2022-10-21T13:57:24+00:00","breadcrumb":{"@id":"https:\/\/ibhnl.com\/de\/ueber-uns\/#breadcrumb"},"inLanguage":"de","potentialAction":[{"@type":"ReadAction","target":["https:\/\/ibhnl.com\/de\/ueber-uns\/"]}]},{"@type":"ImageObject","inLanguage":"de","@id":"https:\/\/ibhnl.com\/de\/ueber-uns\/#primaryimage","url":"https:\/\/ibhnl.com\/wp-content\/uploads\/2022\/09\/31356862_1494293100682601_31591026355339264_n.jpg","contentUrl":"https:\/\/ibhnl.com\/wp-content\/uploads\/2022\/09\/31356862_1494293100682601_31591026355339264_n.jpg","width":1600,"height":1200},{"@type":"BreadcrumbList","@id":"https:\/\/ibhnl.com\/de\/ueber-uns\/#breadcrumb","itemListElement":[{"@type":"ListItem","position":1,"name":"Home","item":"https:\/\/ibhnl.com\/de\/home\/"},{"@type":"ListItem","position":2,"name":"\u00dcber uns"}]},{"@type":"WebSite","@id":"https:\/\/ibhnl.com\/de\/#website","url":"https:\/\/ibhnl.com\/de\/","name":"Instore Building Holland","description":"Specialist in ontwerp, routing, productie en installatie van interieur","publisher":{"@id":"https:\/\/ibhnl.com\/de\/#organization"},"potentialAction":[{"@type":"SearchAction","target":{"@type":"EntryPoint","urlTemplate":"https:\/\/ibhnl.com\/de\/?s={search_term_string}"},"query-input":{"@type":"PropertyValueSpecification","valueRequired":true,"valueName":"search_term_string"}}],"inLanguage":"de"},{"@type":"Organization","@id":"https:\/\/ibhnl.com\/de\/#organization","name":"Instore Building Holland","url":"https:\/\/ibhnl.com\/de\/","logo":{"@type":"ImageObject","inLanguage":"de","@id":"https:\/\/ibhnl.com\/de\/#\/schema\/logo\/image\/","url":"https:\/\/ibhnl.com\/wp-content\/uploads\/2020\/10\/Instore-Building-Holland-1.svg","contentUrl":"https:\/\/ibhnl.com\/wp-content\/uploads\/2020\/10\/Instore-Building-Holland-1.svg","width":262,"height":187,"caption":"Instore Building Holland"},"image":{"@id":"https:\/\/ibhnl.com\/de\/#\/schema\/logo\/image\/"}}]}},"_links":{"self":[{"href":"https:\/\/ibhnl.com\/de\/wp-json\/wp\/v2\/pages\/3758","targetHints":{"allow":["GET"]}}],"collection":[{"href":"https:\/\/ibhnl.com\/de\/wp-json\/wp\/v2\/pages"}],"about":[{"href":"https:\/\/ibhnl.com\/de\/wp-json\/wp\/v2\/types\/page"}],"author":[{"embeddable":true,"href":"https:\/\/ibhnl.com\/de\/wp-json\/wp\/v2\/users\/1"}],"replies":[{"embeddable":true,"href":"https:\/\/ibhnl.com\/de\/wp-json\/wp\/v2\/comments?post=3758"}],"version-history":[{"count":1,"href":"https:\/\/ibhnl.com\/de\/wp-json\/wp\/v2\/pages\/3758\/revisions"}],"predecessor-version":[{"id":3759,"href":"https:\/\/ibhnl.com\/de\/wp-json\/wp\/v2\/pages\/3758\/revisions\/3759"}],"wp:featuredmedia":[{"embeddable":true,"href":"https:\/\/ibhnl.com\/de\/wp-json\/wp\/v2\/media\/2572"}],"wp:attachment":[{"href":"https:\/\/ibhnl.com\/de\/wp-json\/wp\/v2\/media?parent=3758"}],"curies":[{"name":"wp","href":"https:\/\/api.w.org\/{rel}","templated":true}]}}